{"id":1167,"date":"2013-04-05T13:33:38","date_gmt":"2013-04-05T13:33:38","guid":{"rendered":"http:\/\/www.kriesi.at\/themes\/enfold\/?page_id=1167"},"modified":"2024-09-19T12:55:12","modified_gmt":"2024-09-19T12:55:12","slug":"contact","status":"publish","type":"page","link":"https:\/\/neytek.com\/index.php\/contact\/","title":{"rendered":"\u0130leti\u015fim"},"content":{"rendered":"<div  class='flex_column av-7m2a33-ec17a0a0295bcce45b4e80d8e899ef62 av_one_third  avia-builder-el-0  el_before_av_one_third  avia-builder-el-first  first flex_column_div  '     ><article  class='iconbox iconbox_top av-m19847zl-0b35054a49847dc56c5d9b36f60e2484  avia-builder-el-1  avia-builder-el-no-sibling  main_color'  itemscope=\"itemscope\" itemtype=\"https:\/\/schema.org\/CreativeWork\" ><div class=\"iconbox_content\"><header class=\"entry-content-header\" aria-label=\"Icon: Adres\"><div class=\"iconbox_icon heading-color\" aria-hidden='true' data-av_icon='\ue842' data-av_iconfont='entypo-fontello'><\/div><h3 class='iconbox_content_title '  itemprop=\"headline\" >Adres<\/h3><\/header><div class='iconbox_content_container '  itemprop=\"text\" ><p>Neytek Teknoloji Bili\u015fim ve Yaz\u0131l\u0131m A.\u015e.<br \/>\nEhlibeyt Mah. Cevizlidere Cad. No:8 Kat:3 Daire:5<br \/>\n\u00c7ankaya \/ ANKARA<\/p>\n<\/div><\/div><footer class=\"entry-footer\"><\/footer><\/article><\/div><div  class='flex_column av-5hynjj-a93126d9cf1ff7706afb3c60f28b2457 av_one_third  avia-builder-el-2  el_after_av_one_third  el_before_av_one_third  flex_column_div  '     ><article  class='iconbox iconbox_top av-m1985tp0-e19e769ba062a5e283368c92a1fddee6  avia-builder-el-3  avia-builder-el-no-sibling  main_color'  itemscope=\"itemscope\" itemtype=\"https:\/\/schema.org\/CreativeWork\" ><div class=\"iconbox_content\"><header class=\"entry-content-header\" aria-label=\"Icon: Telefon\"><div class=\"iconbox_icon heading-color\" aria-hidden='true' data-av_icon='\ue854' data-av_iconfont='entypo-fontello'><\/div><h3 class='iconbox_content_title '  itemprop=\"headline\" >Telefon<\/h3><\/header><div class='iconbox_content_container '  itemprop=\"text\" ><p>0850 420 77 77<\/p>\n<\/div><\/div><footer class=\"entry-footer\"><\/footer><\/article><\/div><\/p>\n<div  class='flex_column av-3sxalr-a698f0dc72435fe113c5cf5c775d61e8 av_one_third  avia-builder-el-4  el_after_av_one_third  el_before_av_hr  flex_column_div  '     ><article  class='iconbox iconbox_top av-m19875xo-691a9c1637fa5c15d94d81601255f42f  avia-builder-el-5  avia-builder-el-no-sibling  main_color'  itemscope=\"itemscope\" itemtype=\"https:\/\/schema.org\/CreativeWork\" ><div class=\"iconbox_content\"><header class=\"entry-content-header\" aria-label=\"Icon: E-Posta\"><div class=\"iconbox_icon heading-color\" aria-hidden='true' data-av_icon='\ue805' data-av_iconfont='entypo-fontello'><\/div><h3 class='iconbox_content_title '  itemprop=\"headline\" >E-Posta<\/h3><\/header><div class='iconbox_content_container '  itemprop=\"text\" ><p>destek@neytek.com<\/p>\n<\/div><\/div><footer class=\"entry-footer\"><\/footer><\/article><\/div>\n<div  class='hr av-26hdv3-b4c490e7fd6eee669685eabdf42727e6 hr-default  avia-builder-el-6  el_after_av_one_third  el_before_av_one_full '><span class='hr-inner '><span class=\"hr-inner-style\"><\/span><\/span><\/div>\n<div  class='flex_column av-fzdbwv-7d5eb048c303ea53dc287778f308f86c av_one_full  avia-builder-el-7  el_after_av_hr  avia-builder-el-last  first flex_column_div  '     ><p>\n<style type=\"text\/css\" data-created_by=\"avia_inline_auto\" id=\"style-css-av-eghldb-8d5fe61aab673e760b24f01672e1979b\">\n#top .av-special-heading.av-eghldb-8d5fe61aab673e760b24f01672e1979b{\npadding-bottom:10px;\n}\nbody .av-special-heading.av-eghldb-8d5fe61aab673e760b24f01672e1979b .av-special-heading-tag .heading-char{\nfont-size:25px;\n}\n.av-special-heading.av-eghldb-8d5fe61aab673e760b24f01672e1979b .av-subheading{\nfont-size:15px;\n}\n<\/style>\n<div  class='av-special-heading av-eghldb-8d5fe61aab673e760b24f01672e1979b av-special-heading-h3 meta-heading  avia-builder-el-8  el_before_av_textblock  avia-builder-el-first '><h3 class='av-special-heading-tag '  itemprop=\"headline\"  >G\u00f6r\u00fc\u015f, \u00f6neri, istek ve destek talepleriniz i\u00e7in bize yaz\u0131n.<\/h3><div class=\"special-heading-border\"><div class=\"special-heading-inner-border\"><\/div><\/div><\/div><br \/>\n<form action=\"https:\/\/neytek.com\/index.php\/contact\/\" method=\"post\" data-fields-with-error=\"Found errors in the following field(s):\" class=\"avia_ajax_form av-form-labels-visible    \" data-avia-form-id=\"1\" data-avia-redirect=''  aria-label='Kontakt Formu' ><fieldset><p class='  first_form  form_element form_element_half' id='element_avia_1_1'><label for=\"avia_1_1\">Ad Soyad <abbr class=\"required\" title=\"Zorunlu\">*<\/abbr><\/label> <input name=\"avia_1_1\" class=\"text_input is_empty\" type=\"text\" id=\"avia_1_1\" value=\"\" \/><\/p><p class='  form_element form_element_half' id='element_avia_2_1'><label for=\"avia_2_1\">E-Posta<\/label> <input name=\"avia_2_1\" class=\"text_input \" type=\"text\" id=\"avia_2_1\" value=\"\" \/><\/p><p class='  first_form  form_element form_fullwidth' id='element_avia_3_1'><label for=\"avia_3_1\">Konu <abbr class=\"required\" title=\"Zorunlu\">*<\/abbr><\/label> <input name=\"avia_3_1\" class=\"text_input is_empty\" type=\"text\" id=\"avia_3_1\" value=\"\" \/><\/p><p class='  first_form  form_element form_fullwidth' id='element_avia_4_1'><label for=\"avia_4_1\" class=\"textare_label hidden textare_label_avia_4_1\">Mesaj <abbr class=\"required\" title=\"Zorunlu\">*<\/abbr><\/label><textarea  name=\"avia_4_1\" class=\"text_area is_empty\" cols=\"40\" rows=\"7\" id=\"avia_4_1\" ><\/textarea><\/p><p class=\"hidden\"><input type=\"text\" name=\"avia_5_1\" class=\"hidden \" id=\"avia_5_1\" value=\"\" \/><\/p><p class='   form_element form_fullwidth' id='element_avia_6_1'><span class='value_verifier_label'>0 + 4 = ?<\/span><input name=\"avia_6_1_verifier\" type=\"hidden\" id=\"avia_6_1_verifier\" value=\"547447354\"\/><label for=\"avia_6_1\">L\u00fctfen denklemi \u00e7\u00f6zerek insan oldu\u011funuzu kan\u0131tlay\u0131n\u0131z <abbr class=\"required\" title=\"Zorunlu\">*<\/abbr><\/label><input name=\"avia_6_1\" class=\"text_input captcha\" type=\"text\" id=\"avia_6_1\" value=\"\"\/><\/p><p class=\"form_element \"><input type=\"hidden\" value=\"1\" name=\"avia_generated_form1\" \/><input type=\"submit\" value=\"G\u00f6nder\" class=\"button\"  data-sending-label=\"G\u00f6nderiliyor\"\/><\/p><\/fieldset><\/form><div id=\"ajaxresponse_1\" class=\"ajaxresponse ajaxresponse_1 hidden\"><\/div><\/p><\/div>\n","protected":false},"excerpt":{"rendered":"","protected":false},"author":1,"featured_media":0,"parent":0,"menu_order":0,"comment_status":"open","ping_status":"closed","template":"","meta":{"footnotes":""},"class_list":["post-1167","page","type-page","status-publish","hentry"],"_links":{"self":[{"href":"https:\/\/neytek.com\/index.php\/wp-json\/wp\/v2\/pages\/1167","targetHints":{"allow":["GET"]}}],"collection":[{"href":"https:\/\/neytek.com\/index.php\/wp-json\/wp\/v2\/pages"}],"about":[{"href":"https:\/\/neytek.com\/index.php\/wp-json\/wp\/v2\/types\/page"}],"author":[{"embeddable":true,"href":"https:\/\/neytek.com\/index.php\/wp-json\/wp\/v2\/users\/1"}],"replies":[{"embeddable":true,"href":"https:\/\/neytek.com\/index.php\/wp-json\/wp\/v2\/comments?post=1167"}],"version-history":[{"count":11,"href":"https:\/\/neytek.com\/index.php\/wp-json\/wp\/v2\/pages\/1167\/revisions"}],"predecessor-version":[{"id":3542,"href":"https:\/\/neytek.com\/index.php\/wp-json\/wp\/v2\/pages\/1167\/revisions\/3542"}],"wp:attachment":[{"href":"https:\/\/neytek.com\/index.php\/wp-json\/wp\/v2\/media?parent=1167"}],"curies":[{"name":"wp","href":"https:\/\/api.w.org\/{rel}","templated":true}]}}