{"id":1195,"date":"2013-04-05T16:38:18","date_gmt":"2013-04-05T16:38:18","guid":{"rendered":"http:\/\/www.kriesi.at\/themes\/enfold\/?page_id=1195"},"modified":"2024-09-19T12:53:16","modified_gmt":"2024-09-19T12:53:16","slug":"about-us","status":"publish","type":"page","link":"https:\/\/neytek.com\/index.php\/about-us\/","title":{"rendered":"Hakk\u0131m\u0131zda"},"content":{"rendered":"<div  class='flex_column av-28o9s3v-0b7cd5c83613a24ae5ac217a10a55dcc av_one_half  avia-builder-el-0  el_before_av_one_half  avia-builder-el-first  first flex_column_div  '     ><div  class='avia-slideshow av-26l78fv-c0990ef589ef074dd035f63c13e25766 avia-slideshow-portfolio av_slideshow avia-slide-slider  avia-builder-el-1  avia-builder-el-no-sibling  av-slideshow-ui av-control-default av-slideshow-autoplay av-loop-endless av-loop-manual-endless av-default-height-applied avia-slideshow-1' data-slideshow-options=\"{&quot;animation&quot;:&quot;slide&quot;,&quot;autoplay&quot;:true,&quot;loop_autoplay&quot;:&quot;endless&quot;,&quot;interval&quot;:5,&quot;loop_manual&quot;:&quot;manual-endless&quot;,&quot;autoplay_stopper&quot;:false,&quot;noNavigation&quot;:false,&quot;bg_slider&quot;:false,&quot;keep_padding&quot;:false,&quot;hoverpause&quot;:false,&quot;show_slide_delay&quot;:0}\"  itemprop=\"image\" itemscope=\"itemscope\" itemtype=\"https:\/\/schema.org\/ImageObject\" ><ul class='avia-slideshow-inner ' style='padding-bottom: 72.972972972973%;'><li  class='avia-slideshow-slide av-26l78fv-c0990ef589ef074dd035f63c13e25766__0  slide-1 slide-odd'><div data-rel='slideshow-1' class='avia-slide-wrap '   ><img decoding=\"async\" fetchpriority=\"high\" class=\"wp-image-3436 avia-img-lazy-loading-not-3436\"  src=\"https:\/\/neytek.com\/wp-content\/uploads\/2024\/09\/E-Commerce-Shopping-Cart-1.jpg\" width=\"370\" height=\"270\" title='E-Commerce-Shopping-Cart' alt=''  itemprop=\"thumbnailUrl\" srcset=\"https:\/\/neytek.com\/wp-content\/uploads\/2024\/09\/E-Commerce-Shopping-Cart-1.jpg 370w, https:\/\/neytek.com\/wp-content\/uploads\/2024\/09\/E-Commerce-Shopping-Cart-1-300x219.jpg 300w\" sizes=\"(max-width: 370px) 100vw, 370px\" \/><\/div><\/li><li  class='avia-slideshow-slide av-26l78fv-c0990ef589ef074dd035f63c13e25766__1  slide-2 slide-even'><div data-rel='slideshow-1' class='avia-slide-wrap '   ><img decoding=\"async\" fetchpriority=\"high\" class=\"wp-image-3432 avia-img-lazy-loading-not-3432\"  src=\"https:\/\/neytek.com\/wp-content\/uploads\/2024\/09\/1-1.jpg\" width=\"370\" height=\"270\" title='1' alt=''  itemprop=\"thumbnailUrl\" srcset=\"https:\/\/neytek.com\/wp-content\/uploads\/2024\/09\/1-1.jpg 370w, https:\/\/neytek.com\/wp-content\/uploads\/2024\/09\/1-1-300x219.jpg 300w\" sizes=\"(max-width: 370px) 100vw, 370px\" \/><\/div><\/li><li  class='avia-slideshow-slide av-26l78fv-c0990ef589ef074dd035f63c13e25766__2  slide-3 slide-odd'><div data-rel='slideshow-1' class='avia-slide-wrap '   ><img decoding=\"async\" fetchpriority=\"high\" class=\"wp-image-3433 avia-img-lazy-loading-not-3433\"  src=\"https:\/\/neytek.com\/wp-content\/uploads\/2024\/09\/2.jpg\" width=\"370\" height=\"270\" title='2' alt=''  itemprop=\"thumbnailUrl\" srcset=\"https:\/\/neytek.com\/wp-content\/uploads\/2024\/09\/2.jpg 370w, https:\/\/neytek.com\/wp-content\/uploads\/2024\/09\/2-300x219.jpg 300w\" sizes=\"(max-width: 370px) 100vw, 370px\" \/><\/div><\/li><li  class='avia-slideshow-slide av-26l78fv-c0990ef589ef074dd035f63c13e25766__3  slide-4 slide-even'><div data-rel='slideshow-1' class='avia-slide-wrap '   ><img decoding=\"async\" fetchpriority=\"high\" class=\"wp-image-3434 avia-img-lazy-loading-not-3434\"  src=\"https:\/\/neytek.com\/wp-content\/uploads\/2024\/09\/3-1.jpg\" width=\"370\" height=\"270\" title='3' alt=''  itemprop=\"thumbnailUrl\" srcset=\"https:\/\/neytek.com\/wp-content\/uploads\/2024\/09\/3-1.jpg 370w, https:\/\/neytek.com\/wp-content\/uploads\/2024\/09\/3-1-300x219.jpg 300w\" sizes=\"(max-width: 370px) 100vw, 370px\" \/><\/div><\/li><\/ul><div class='avia-slideshow-arrows avia-slideshow-controls' ><a href='#prev' class='prev-slide ' aria-hidden='true' data-av_icon='\ue87c' data-av_iconfont='entypo-fontello'  tabindex='-1'>\u00d6nceki<\/a><a href='#next' class='next-slide ' aria-hidden='true' data-av_icon='\ue87d' data-av_iconfont='entypo-fontello'  tabindex='-1'>Sonraki<\/a><\/div><div class='avia-slideshow-dots avia-slideshow-controls'><a href='#1' class='goto-slide active' >1<\/a><a href='#2' class='goto-slide ' >2<\/a><a href='#3' class='goto-slide ' >3<\/a><a href='#4' class='goto-slide ' >4<\/a><\/div><\/div><\/div>\n<div  class='flex_column av-1zxrrij-1e4e252b6bda32b2cb9312a8b9a7a257 av_one_half  avia-builder-el-2  el_after_av_one_half  avia-builder-el-last  flex_column_div  '     ><p>\n<style type=\"text\/css\" data-created_by=\"avia_inline_auto\" id=\"style-css-av-1yp36kb-725e3d64a17f87bdfbfa5871f1a02771\">\n#top .av-special-heading.av-1yp36kb-725e3d64a17f87bdfbfa5871f1a02771{\npadding-bottom:10px;\n}\nbody .av-special-heading.av-1yp36kb-725e3d64a17f87bdfbfa5871f1a02771 .av-special-heading-tag .heading-char{\nfont-size:25px;\n}\n.av-special-heading.av-1yp36kb-725e3d64a17f87bdfbfa5871f1a02771 .av-subheading{\nfont-size:15px;\n}\n<\/style>\n<div  class='av-special-heading av-1yp36kb-725e3d64a17f87bdfbfa5871f1a02771 av-special-heading-h3 meta-heading  avia-builder-el-3  el_before_av_textblock  avia-builder-el-first '><h3 class='av-special-heading-tag '  itemprop=\"headline\"  >NEYTEK\u2019e Ho\u015fgeldiniz!<\/h3><div class=\"special-heading-border\"><div class=\"special-heading-inner-border\"><\/div><\/div><\/div><br \/>\n<section  class='av_textblock_section av-1x2r4pn-8e653bb2386d9597d525832ca8b0e7b1 '   itemscope=\"itemscope\" itemtype=\"https:\/\/schema.org\/CreativeWork\" ><div class='avia_textblock'  itemprop=\"text\" ><p>NEYTEK Teknoloji, Bili\u015fim ve Yaz\u0131l\u0131m A.\u015e.; i\u015fletmelerin ticaret, e-ticaret ve banka s\u00fcre\u00e7lerini tek bir platformdan sade bir \u015fekilde y\u00f6netebilmenizi hedefleyen b\u00fct\u00fcnle\u015fik \u00e7\u00f6z\u00fcmler sunmaktad\u0131r. Ticaret, Bili\u015fim, \u0130leti\u015fim ve Yaz\u0131l\u0131m Teknolojileri sekt\u00f6rlerinde uzun y\u0131llar bilfiil \u00e7al\u0131\u015fm\u0131\u015f son derece tecr\u00fcbeli \u00e7al\u0131\u015fanlar\u0131m\u0131zca, ihtiya\u00e7lar \u00f6zenle analiz edilerek bu \u00e7\u00f6z\u00fcmler ortaya konmu\u015ftur. Ayr\u0131ca y\u00fczlerce m\u00fc\u015fterimizden gelen geri bildirimler bizim i\u00e7in son derece de\u011ferli g\u00f6r\u00fclm\u00fc\u015f ve b\u00f6ylece uygulamalar\u0131m\u0131z sizlerle birlikte daha da olgunla\u015fm\u0131\u015ft\u0131r. Her ge\u00e7en g\u00fcn kat\u0131lan yeni \u00fcyelerle NEYTEK ailesi kararl\u0131 ad\u0131mlarla b\u00fcy\u00fcmeye devam etmektedir.<\/p>\n<\/div><\/section><br \/>\n<div  class='hr av-3b2ah7-5361c57eb098624d4a320fe36fcf931b hr-short  avia-builder-el-5  el_after_av_textblock  el_before_av_button  hr-left'><span class='hr-inner '><span class=\"hr-inner-style\"><\/span><\/span><\/div><br \/>\n<div  class='avia-button-wrap av-m17o98g9-bebd8a7ec42ef67d04cead645e036ce3-wrap avia-button-left  avia-builder-el-6  el_after_av_hr  avia-builder-el-last '><a href=''  class='avia-button av-m17o98g9-bebd8a7ec42ef67d04cead645e036ce3 av-link-btn avia-icon_select-yes-left-icon avia-size-large avia-position-left avia-color-theme-color-subtle'   aria-label=\"Demo Talebi\"><span class='avia_button_icon avia_button_icon_left' aria-hidden='true' data-av_icon='\ue80d' data-av_iconfont='entypo-fontello'><\/span><span class='avia_iconbox_title' >Demo Talebi<\/span><\/a><\/div><\/p><\/div>\n","protected":false},"excerpt":{"rendered":"","protected":false},"author":1,"featured_media":0,"parent":0,"menu_order":0,"comment_status":"open","ping_status":"closed","template":"","meta":{"footnotes":""},"class_list":["post-1195","page","type-page","status-publish","hentry"],"_links":{"self":[{"href":"https:\/\/neytek.com\/index.php\/wp-json\/wp\/v2\/pages\/1195","targetHints":{"allow":["GET"]}}],"collection":[{"href":"https:\/\/neytek.com\/index.php\/wp-json\/wp\/v2\/pages"}],"about":[{"href":"https:\/\/neytek.com\/index.php\/wp-json\/wp\/v2\/types\/page"}],"author":[{"embeddable":true,"href":"https:\/\/neytek.com\/index.php\/wp-json\/wp\/v2\/users\/1"}],"replies":[{"embeddable":true,"href":"https:\/\/neytek.com\/index.php\/wp-json\/wp\/v2\/comments?post=1195"}],"version-history":[{"count":20,"href":"https:\/\/neytek.com\/index.php\/wp-json\/wp\/v2\/pages\/1195\/revisions"}],"predecessor-version":[{"id":3543,"href":"https:\/\/neytek.com\/index.php\/wp-json\/wp\/v2\/pages\/1195\/revisions\/3543"}],"wp:attachment":[{"href":"https:\/\/neytek.com\/index.php\/wp-json\/wp\/v2\/media?parent=1195"}],"curies":[{"name":"wp","href":"https:\/\/api.w.org\/{rel}","templated":true}]}}