{"id":1277,"date":"2013-04-06T18:24:13","date_gmt":"2013-04-06T18:24:13","guid":{"rendered":"http:\/\/www.kriesi.at\/themes\/enfold\/?page_id=1277"},"modified":"2024-09-19T08:51:31","modified_gmt":"2024-09-19T08:51:31","slug":"faq","status":"publish","type":"page","link":"https:\/\/neytek.com\/index.php\/faq\/","title":{"rendered":"S\u0131k\u00e7a Sorulan Sorular"},"content":{"rendered":"\n<style type=\"text\/css\" data-created_by=\"avia_inline_auto\" id=\"style-css-av-1azwdlp-2348b6f11bc36be81d2a852988bcf8fb\">\n#top .av-special-heading.av-1azwdlp-2348b6f11bc36be81d2a852988bcf8fb{\npadding-bottom:0;\n}\nbody .av-special-heading.av-1azwdlp-2348b6f11bc36be81d2a852988bcf8fb .av-special-heading-tag .heading-char{\nfont-size:25px;\n}\n.av-special-heading.av-1azwdlp-2348b6f11bc36be81d2a852988bcf8fb .av-subheading{\nfont-size:15px;\n}\n<\/style>\n<div  class='av-special-heading av-1azwdlp-2348b6f11bc36be81d2a852988bcf8fb av-special-heading-h3 meta-heading  avia-builder-el-0  el_before_av_toggle_container  avia-builder-el-first '><h3 class='av-special-heading-tag '  itemprop=\"headline\"  >S\u0131k\u00e7a Sorulan Sorular<\/h3><div class=\"special-heading-border\"><div class=\"special-heading-inner-border\"><\/div><\/div><\/div>\n<div  class='togglecontainer av-1aaqdv1-72f71da41176183e7c5736d5f91746e9  avia-builder-el-1  el_after_av_heading  el_before_av_hr  toggle_close_all' ><div class='taglist'><div class=\"tag-tab\"><a href=\"#\" data-tag=\"{T\u00fcm\u00fc}\" class=\"activeFilter\">T\u00fcm\u00fc<\/a><span class='tag-seperator'>\/<\/span><\/div><div class=\"tag-tab\"><a href=\"#\" data-tag=\"{Destek}\" class=\"\">Destek<\/a><span class='tag-seperator'>\/<\/span><\/div><div class=\"tag-tab\"><a href=\"#\" data-tag=\"{Entegrasyon}\" class=\"\">Entegrasyon<\/a><span class='tag-seperator'>\/<\/span><\/div><div class=\"tag-tab\"><a href=\"#\" data-tag=\"{Genel}\" class=\"\">Genel<\/a><span class='tag-seperator'>\/<\/span><\/div><div class=\"tag-tab\"><a href=\"#\" data-tag=\"{Kurulum}\" class=\"\">Kurulum<\/a><span class='tag-seperator'>\/<\/span><\/div><div class=\"tag-tab\"><a href=\"#\" data-tag=\"{Teknik}\" class=\"\">Teknik<\/a><span class='tag-seperator'>\/<\/span><\/div><\/div>\n<section class='av_toggle_section av-18m411p-e1fd3319b88cfd6e85e945eaf8de8378'  itemscope=\"itemscope\" itemtype=\"https:\/\/schema.org\/CreativeWork\" ><div role=\"tablist\" class=\"single_toggle\" data-tags=\"{T\u00fcm\u00fc} {Genel} \"  ><p id='toggle-toggle-id-1' data-fake-id='#toggle-id-1' class='toggler  av-title-above '  itemprop=\"headline\"  role='tab' tabindex='0' aria-controls='toggle-id-1' data-slide-speed=\"200\" data-title=\"NEYTEK nedir?\" data-title-open=\"\" data-aria_collapsed=\"Click to expand: NEYTEK nedir?\" data-aria_expanded=\"Click to collapse: NEYTEK nedir?\">NEYTEK nedir?<span class=\"toggle_icon\"><span class=\"vert_icon\"><\/span><span class=\"hor_icon\"><\/span><\/span><\/p><div id='toggle-id-1' aria-labelledby='toggle-toggle-id-1' role='region' class='toggle_wrap  av-title-above'  ><div class='toggle_content invers-color '  itemprop=\"text\" ><p>NEYTEK; kullan\u0131c\u0131lara tek bir platformdan <strong>\u00f6n muhasebe, finans, genel muhasebe, e-ticaret ve banka s\u00fcre\u00e7lerini<\/strong> b\u00fct\u00fcnle\u015fik bir \u00e7at\u0131 alt\u0131nda y\u00f6netme olana\u011f\u0131 sa\u011flayan, <strong>web tabanl\u0131<\/strong> bir ticaret platformudur.<\/p>\n<\/div><\/div><\/div><\/section>\n<section class='av_toggle_section av-15r0tnh-feae872efcfc4474c3bb1bcd6df944cf'  itemscope=\"itemscope\" itemtype=\"https:\/\/schema.org\/CreativeWork\" ><div role=\"tablist\" class=\"single_toggle\" data-tags=\"{T\u00fcm\u00fc} {Teknik} {Kurulum} \"  ><p id='toggle-toggle-id-2' data-fake-id='#toggle-id-2' class='toggler  av-title-above '  itemprop=\"headline\"  role='tab' tabindex='0' aria-controls='toggle-id-2' data-slide-speed=\"200\" data-title=\"NEYTEK kullanmak i\u00e7in teknik gereksinimler nedir?\" data-title-open=\"\" data-aria_collapsed=\"Click to expand: NEYTEK kullanmak i\u00e7in teknik gereksinimler nedir?\" data-aria_expanded=\"Click to collapse: NEYTEK kullanmak i\u00e7in teknik gereksinimler nedir?\">NEYTEK kullanmak i\u00e7in teknik gereksinimler nedir?<span class=\"toggle_icon\"><span class=\"vert_icon\"><\/span><span class=\"hor_icon\"><\/span><\/span><\/p><div id='toggle-id-2' aria-labelledby='toggle-toggle-id-2' role='region' class='toggle_wrap  av-title-above'  ><div class='toggle_content invers-color '  itemprop=\"text\" ><p>NEYTEK uygulamas\u0131n\u0131 sa\u011fl\u0131kl\u0131 kullanabilmek i\u00e7in asgari Intel I3 CPU veya muadili, 16GB RAM ve 10Mbps internet ba\u011flant\u0131s\u0131 \u00f6nerilmektedir.<\/p>\n<\/div><\/div><\/div><\/section>\n<section class='av_toggle_section av-10a1rvh-ae627ce443247c00acf020f59d6778c5'  itemscope=\"itemscope\" itemtype=\"https:\/\/schema.org\/CreativeWork\" ><div role=\"tablist\" class=\"single_toggle\" data-tags=\"{T\u00fcm\u00fc} {Destek} {Kurulum} \"  ><p id='toggle-toggle-id-3' data-fake-id='#toggle-id-3' class='toggler  av-title-above '  itemprop=\"headline\"  role='tab' tabindex='0' aria-controls='toggle-id-3' data-slide-speed=\"200\" data-title=\"Herhangi sunucu ya da teknik personel ihtiyac\u0131m var m\u0131d\u0131r?\" data-title-open=\"\" data-aria_collapsed=\"Click to expand: Herhangi sunucu ya da teknik personel ihtiyac\u0131m var m\u0131d\u0131r?\" data-aria_expanded=\"Click to collapse: Herhangi sunucu ya da teknik personel ihtiyac\u0131m var m\u0131d\u0131r?\">Herhangi sunucu ya da teknik personel ihtiyac\u0131m var m\u0131d\u0131r?<span class=\"toggle_icon\"><span class=\"vert_icon\"><\/span><span class=\"hor_icon\"><\/span><\/span><\/p><div id='toggle-id-3' aria-labelledby='toggle-toggle-id-3' role='region' class='toggle_wrap  av-title-above'  ><div class='toggle_content invers-color '  itemprop=\"text\" ><p>NEYTEK Web tabanl\u0131 bir platform oldu\u011fundan sunucu ve bunu i\u015fletecek bilgi i\u015flem personeline ihtiya\u00e7 duyulmaz. Teknik sorunlarda veya destek ihtiyac\u0131 durumlar\u0131nda NEYTEK b\u00fcnyesindeki teknik personel gerekli deste\u011fi sunmaktad\u0131r.<\/p>\n<\/div><\/div><\/div><\/section>\n<section class='av_toggle_section av-155mxlp-da83dc6ccd7c998afd877e9f5ca6a51a'  itemscope=\"itemscope\" itemtype=\"https:\/\/schema.org\/CreativeWork\" ><div role=\"tablist\" class=\"single_toggle\" data-tags=\"{T\u00fcm\u00fc} {Genel} \"  ><p id='toggle-toggle-id-4' data-fake-id='#toggle-id-4' class='toggler  av-title-above '  itemprop=\"headline\"  role='tab' tabindex='0' aria-controls='toggle-id-4' data-slide-speed=\"200\" data-title=\"NEYTEK uygulamas\u0131n\u0131 tan\u0131mak istiyorum, ne yapmal\u0131y\u0131m?\" data-title-open=\"\" data-aria_collapsed=\"Click to expand: NEYTEK uygulamas\u0131n\u0131 tan\u0131mak istiyorum, ne yapmal\u0131y\u0131m?\" data-aria_expanded=\"Click to collapse: NEYTEK uygulamas\u0131n\u0131 tan\u0131mak istiyorum, ne yapmal\u0131y\u0131m?\">NEYTEK uygulamas\u0131n\u0131 tan\u0131mak istiyorum, ne yapmal\u0131y\u0131m?<span class=\"toggle_icon\"><span class=\"vert_icon\"><\/span><span class=\"hor_icon\"><\/span><\/span><\/p><div id='toggle-id-4' aria-labelledby='toggle-toggle-id-4' role='region' class='toggle_wrap  av-title-above'  ><div class='toggle_content invers-color '  itemprop=\"text\" ><p>\u0130leti\u015fim sayfam\u0131zdaki formudoldurdu\u011funuz takdirde en k\u0131sa s\u00fcrede sizinle ileti\u015fime ge\u00e7ilecektir. \u00d6ncelikle online demo sunulur, sonras\u0131nda ihtiya\u00e7 duyulmas\u0131 halinde yerinde tan\u0131t\u0131m yap\u0131lmaktad\u0131r. Bu s\u00fcre\u00e7te firman\u0131za \u00f6zg\u00fc s\u00fcre\u00e7ler \u00f6zelinde, NEYTEK&#8217;i en etkin bir \u015fekilde nas\u0131l yap\u0131land\u0131r\u0131l\u0131p kullan\u0131labilece\u011fine dair detayl\u0131 bilgilendirme yap\u0131lmaktad\u0131r.<\/p>\n<\/div><\/div><\/div><\/section>\n<section class='av_toggle_section av-12xm9wd-8dfd4ac6633e392d083781972eeca090'  itemscope=\"itemscope\" itemtype=\"https:\/\/schema.org\/CreativeWork\" ><div role=\"tablist\" class=\"single_toggle\" data-tags=\"{T\u00fcm\u00fc} {Kurulum} \"  ><p id='toggle-toggle-id-5' data-fake-id='#toggle-id-5' class='toggler  av-title-above '  itemprop=\"headline\"  role='tab' tabindex='0' aria-controls='toggle-id-5' data-slide-speed=\"200\" data-title=\"NEYTEK uygulamas\u0131n\u0131 kullanmaya karar verdim, eski uygulamamdan ge\u00e7i\u015f s\u00fcreci nas\u0131l olmaktad\u0131r? Veri aktar\u0131m\u0131, pazaryeri entegrasyonlar\u0131 ve banka entegrasyonlar\u0131m\u0131 nas\u0131l yapabilirim?\" data-title-open=\"\" data-aria_collapsed=\"Click to expand: NEYTEK uygulamas\u0131n\u0131 kullanmaya karar verdim, eski uygulamamdan ge\u00e7i\u015f s\u00fcreci nas\u0131l olmaktad\u0131r? Veri aktar\u0131m\u0131, pazaryeri entegrasyonlar\u0131 ve banka entegrasyonlar\u0131m\u0131 nas\u0131l yapabilirim?\" data-aria_expanded=\"Click to collapse: NEYTEK uygulamas\u0131n\u0131 kullanmaya karar verdim, eski uygulamamdan ge\u00e7i\u015f s\u00fcreci nas\u0131l olmaktad\u0131r? Veri aktar\u0131m\u0131, pazaryeri entegrasyonlar\u0131 ve banka entegrasyonlar\u0131m\u0131 nas\u0131l yapabilirim?\">NEYTEK uygulamas\u0131n\u0131 kullanmaya karar verdim, eski uygulamamdan ge\u00e7i\u015f s\u00fcreci nas\u0131l olmaktad\u0131r? Veri aktar\u0131m\u0131, pazaryeri entegrasyonlar\u0131 ve banka entegrasyonlar\u0131m\u0131 nas\u0131l yapabilirim?<span class=\"toggle_icon\"><span class=\"vert_icon\"><\/span><span class=\"hor_icon\"><\/span><\/span><\/p><div id='toggle-id-5' aria-labelledby='toggle-toggle-id-5' role='region' class='toggle_wrap  av-title-above'  ><div class='toggle_content invers-color '  itemprop=\"text\" ><p>NEYTEK kullanmaya karar verdi\u011finizde, firman\u0131z yerinde ziyaret edilip, firman\u0131z \u00f6zelindeki ihtiya\u00e7lar\u0131n\u0131z do\u011frultusunda, uygulama yap\u0131land\u0131rmas\u0131 ve detayl\u0131 kullan\u0131c\u0131 e\u011fitimleri firmam\u0131zca verilmektedir. Yine ihtiya\u00e7 duyulan pazaryerileri ve bankalarla olan entegrasyonlar bu a\u015famada ekibimizce tamamlanmaktad\u0131r.<\/p>\n<\/div><\/div><\/div><\/section>\n<section class='av_toggle_section av-11bs0h9-ad034afe6ac5ea285798089343202958'  itemscope=\"itemscope\" itemtype=\"https:\/\/schema.org\/CreativeWork\" ><div role=\"tablist\" class=\"single_toggle\" data-tags=\"{T\u00fcm\u00fc} {Destek} \"  ><p id='toggle-toggle-id-6' data-fake-id='#toggle-id-6' class='toggler  av-title-above '  itemprop=\"headline\"  role='tab' tabindex='0' aria-controls='toggle-id-6' data-slide-speed=\"200\" data-title=\"Nas\u0131l destek alabilirm?\" data-title-open=\"\" data-aria_collapsed=\"Click to expand: Nas\u0131l destek alabilirm?\" data-aria_expanded=\"Click to collapse: Nas\u0131l destek alabilirm?\">Nas\u0131l destek alabilirm?<span class=\"toggle_icon\"><span class=\"vert_icon\"><\/span><span class=\"hor_icon\"><\/span><\/span><\/p><div id='toggle-id-6' aria-labelledby='toggle-toggle-id-6' role='region' class='toggle_wrap  av-title-above'  ><div class='toggle_content invers-color '  itemprop=\"text\" ><p><strong>0850 420 77 77<\/strong> numaral\u0131 telefondan ya da <strong>destek@neytek.com.tr<\/strong> eposta adresine yazarak taleplerinizi iletebilirsiniz.<\/p>\n<\/div><\/div><\/div><\/section>\n<section class='av_toggle_section av-xdscf1-500561414fc4226af17506f20d78f1ca'  itemscope=\"itemscope\" itemtype=\"https:\/\/schema.org\/CreativeWork\" ><div role=\"tablist\" class=\"single_toggle\" data-tags=\"{T\u00fcm\u00fc} {Destek} {Entegrasyon} \"  ><p id='toggle-toggle-id-7' data-fake-id='#toggle-id-7' class='toggler  av-title-above '  itemprop=\"headline\"  role='tab' tabindex='0' aria-controls='toggle-id-7' data-slide-speed=\"200\" data-title=\"E-Fatura, E-\u0130rsaliye ve E-Defter entegrasyonlar\u0131n\u0131 nas\u0131l yapabilirim?\" data-title-open=\"\" data-aria_collapsed=\"Click to expand: E-Fatura, E-\u0130rsaliye ve E-Defter entegrasyonlar\u0131n\u0131 nas\u0131l yapabilirim?\" data-aria_expanded=\"Click to collapse: E-Fatura, E-\u0130rsaliye ve E-Defter entegrasyonlar\u0131n\u0131 nas\u0131l yapabilirim?\">E-Fatura, E-\u0130rsaliye ve E-Defter entegrasyonlar\u0131n\u0131 nas\u0131l yapabilirim?<span class=\"toggle_icon\"><span class=\"vert_icon\"><\/span><span class=\"hor_icon\"><\/span><\/span><\/p><div id='toggle-id-7' aria-labelledby='toggle-toggle-id-7' role='region' class='toggle_wrap  av-title-above'  ><div class='toggle_content invers-color '  itemprop=\"text\" ><p><strong>E-Fatura, E-\u0130rsaliye ve E-Defter<\/strong> s&uuml;re&ccedil;lerini uygulama &uuml;zerinden (opsiyonel) takip etmek istedi\u011finizde, <strong>E-Fatura Entegrat&ouml;r&uuml; ve Gelir \u0130daresi Ba\u015fkanl\u0131\u011f\u0131<\/strong> taraf\u0131nda yap\u0131lmas\u0131 gereken t&uuml;m i\u015flemler, destek personelimizce tamamlanmaktad\u0131r.<\/p>\n<\/div><\/div><\/div><\/section>\n<section class='av_toggle_section av-ws7lgd-233760d96cd7d8c0fd4f899a6c858c6c'  itemscope=\"itemscope\" itemtype=\"https:\/\/schema.org\/CreativeWork\" ><div role=\"tablist\" class=\"single_toggle\" data-tags=\"{T\u00fcm\u00fc} {Genel} \"  ><p id='toggle-toggle-id-8' data-fake-id='#toggle-id-8' class='toggler  av-title-above '  itemprop=\"headline\"  role='tab' tabindex='0' aria-controls='toggle-id-8' data-slide-speed=\"200\" data-title=\"H\u0131zl\u0131 Bili\u015fim Teknolojileri Portali nedir, neden ihtiya\u00e7 duyulmaktad\u0131r?\" data-title-open=\"\" data-aria_collapsed=\"Click to expand: H\u0131zl\u0131 Bili\u015fim Teknolojileri Portali nedir, neden ihtiya\u00e7 duyulmaktad\u0131r?\" data-aria_expanded=\"Click to collapse: H\u0131zl\u0131 Bili\u015fim Teknolojileri Portali nedir, neden ihtiya\u00e7 duyulmaktad\u0131r?\">H\u0131zl\u0131 Bili\u015fim Teknolojileri Portali nedir, neden ihtiya\u00e7 duyulmaktad\u0131r?<span class=\"toggle_icon\"><span class=\"vert_icon\"><\/span><span class=\"hor_icon\"><\/span><\/span><\/p><div id='toggle-id-8' aria-labelledby='toggle-toggle-id-8' role='region' class='toggle_wrap  av-title-above'  ><div class='toggle_content invers-color '  itemprop=\"text\" ><p><strong>H\u0131zl\u0131 Bili\u015fim Teknolojileri A.\u015e.<\/strong> (HBT) Gelir \u0130daresi Ba\u015fkanl\u0131\u011f\u0131nca (G\u0130B) fatura entegrat\u00f6r\u00fc olarak belirlenen 92 resmi entegrat\u00f6r firmadan biridir. G\u0130B taraf\u0131ndan belirlenmi\u015f kriterlere uygun olarak faturalar\u0131n\u0131z\u0131 i\u015fleme ve saklama y\u00fck\u00fcml\u00fcl\u00fc\u011f\u00fc bulunmaktad\u0131r. HBT Faturalar\u0131n\u0131z\u0131 <strong>10 y\u0131l<\/strong> saklamay\u0131 garanti etmektedir.<\/p>\n<p>NEYTEK \u00fczerinde bir fatura olu\u015fturup g\u00f6nder dedi\u011finizde \u00f6ncelikle HBT sistemlerine gitmekte, fatura \u015fematron kontrolleri sa\u011fland\u0131ktan sonra G\u0130B&#8217;e iletilmektedir. Ayn\u0131 \u015fekilde size ba\u015fka firmalarca kesilen faturalar kar\u015f\u0131 firman\u0131n entegrat\u00f6rleri vas\u0131tas\u0131yla G\u0130B&#8217;e iletilmektedir. Sonras\u0131nda HBT&#8217;nin faturay\u0131 G\u0130B sistemlerinden okumas\u0131n\u0131 m\u00fcteakip, NEYTEK sistemlerince HBT&#8217;den okunarak NEYTEK fatura mod\u00fcl\u00fcnde listelenmektedir.<\/p>\n<p><strong>HBT Destek Hatt\u0131 : 0850 259 90 80<\/strong>.<\/p>\n<\/div><\/div><\/div><\/section>\n<\/div>\n<div  class='hr av-io8k4d-a6cc6d960691fa8813c78af6067631d2 hr-short  avia-builder-el-2  el_after_av_toggle_container  el_before_av_one_half  hr-center'><span class='hr-inner '><span class=\"hr-inner-style\"><\/span><\/span><\/div>\n<div  class='flex_column av-df5ae5-b9b6d41636d055b1a611f72b99688edb av_one_half  avia-builder-el-3  el_after_av_hr  el_before_av_one_half  first flex_column_div  '     ><article  class='iconbox iconbox_top av-cuy9jx-49bf72b7156ec686e94516f48f89933e  avia-builder-el-4  avia-builder-el-no-sibling  main_color'  itemscope=\"itemscope\" itemtype=\"https:\/\/schema.org\/CreativeWork\" ><div class=\"iconbox_content\"><header class=\"entry-content-header\" aria-label=\"Icon: Yard\u0131m &amp; Destek\"><div class=\"iconbox_icon heading-color\" aria-hidden='true' data-av_icon='\ue8b9' data-av_iconfont='entypo-fontello'><\/div><h3 class='iconbox_content_title '  itemprop=\"headline\" >Yard\u0131m & Destek<\/h3><\/header><div class='iconbox_content_container '  itemprop=\"text\" ><p style=\"text-align: center;\"><strong>destek@neytek.com.tr<\/strong> adresine destek taleplerinizi iletebilir ya da <strong>0850 420 77 77<\/strong> numaral\u0131 telefondan yard\u0131m alabilirsiniz.<\/p>\n<\/div><\/div><footer class=\"entry-footer\"><\/footer><\/article><\/div>\n<div  class='flex_column av-aaefkd-1171fe1a03063c360e36cd3ce07cef51 av_one_half  avia-builder-el-5  el_after_av_one_half  avia-builder-el-last  flex_column_div  '     ><article  class='iconbox iconbox_top av-z6qu5-ecdf0930811e6427ff804e5868ec8cf3  avia-builder-el-6  avia-builder-el-no-sibling  main_color'  itemscope=\"itemscope\" itemtype=\"https:\/\/schema.org\/CreativeWork\" ><div class=\"iconbox_content\"><header class=\"entry-content-header\" aria-label=\"Icon: Fiyatland\u0131rma Politikas\u0131\"><div class=\"iconbox_icon heading-color\" aria-hidden='true' data-av_icon='\ue81e' data-av_iconfont='entypo-fontello'><\/div><h3 class='iconbox_content_title '  itemprop=\"headline\" >Fiyatland\u0131rma Politikas\u0131<\/h3><\/header><div class='iconbox_content_container '  itemprop=\"text\" ><p><strong>F<\/strong>iyatland\u0131rma ve sisteme ge\u00e7i\u015f s\u00fcre\u00e7leri hakk\u0131nda <strong>0850 420 77 77<\/strong> numaral\u0131 telefondan detayl\u0131 bilgi alabilirsiniz.<\/p>\n<\/div><\/div><footer class=\"entry-footer\"><\/footer><\/article><\/div>\n","protected":false},"excerpt":{"rendered":"","protected":false},"author":1,"featured_media":0,"parent":0,"menu_order":0,"comment_status":"open","ping_status":"closed","template":"","meta":{"footnotes":""},"class_list":["post-1277","page","type-page","status-publish","hentry"],"_links":{"self":[{"href":"https:\/\/neytek.com\/index.php\/wp-json\/wp\/v2\/pages\/1277","targetHints":{"allow":["GET"]}}],"collection":[{"href":"https:\/\/neytek.com\/index.php\/wp-json\/wp\/v2\/pages"}],"about":[{"href":"https:\/\/neytek.com\/index.php\/wp-json\/wp\/v2\/types\/page"}],"author":[{"embeddable":true,"href":"https:\/\/neytek.com\/index.php\/wp-json\/wp\/v2\/users\/1"}],"replies":[{"embeddable":true,"href":"https:\/\/neytek.com\/index.php\/wp-json\/wp\/v2\/comments?post=1277"}],"version-history":[{"count":24,"href":"https:\/\/neytek.com\/index.php\/wp-json\/wp\/v2\/pages\/1277\/revisions"}],"predecessor-version":[{"id":3536,"href":"https:\/\/neytek.com\/index.php\/wp-json\/wp\/v2\/pages\/1277\/revisions\/3536"}],"wp:attachment":[{"href":"https:\/\/neytek.com\/index.php\/wp-json\/wp\/v2\/media?parent=1277"}],"curies":[{"name":"wp","href":"https:\/\/api.w.org\/{rel}","templated":true}]}}