{"id":734,"date":"2013-04-01T15:37:54","date_gmt":"2013-04-01T15:37:54","guid":{"rendered":"http:\/\/www.kriesi.at\/themes\/enfold\/?page_id=734"},"modified":"2024-09-20T08:07:04","modified_gmt":"2024-09-20T08:07:04","slug":"homepage","status":"publish","type":"page","link":"https:\/\/neytek.com\/","title":{"rendered":"Anasayfa"},"content":{"rendered":"<div id='layer_slider_1'  class='avia-layerslider main_color avia-shadow  avia-builder-el-0  el_before_av_section  avia-builder-el-first  container_wrap sidebar_right'  style='height: 471px;'  ><\/div>\n<div id='av_section_1'  class='avia-section av-5l0krq-063fe781ad7b6a2a6916581bc3a0d96c alternate_color avia-section-large avia-shadow  avia-builder-el-1  el_after_av_layerslider  el_before_av_one_fourth  avia-bg-style-scroll container_wrap sidebar_right'  ><div class='container av-section-cont-open' ><div class='template-page content  av-content-small alpha units'><div class='post-entry post-entry-type-page post-entry-734'><div class='entry-content-wrapper clearfix'>\n<div  class='flex_column av-5bp1am-30be76ccbb181562ee809e72285dc4f8 av_one_half  avia-builder-el-2  el_before_av_one_half  avia-builder-el-first  first flex_column_div  '     ><section  class='av_textblock_section av-55n55q-a6cc8c70c3d32a048cacd131a210aab7 '   itemscope=\"itemscope\" itemtype=\"https:\/\/schema.org\/CreativeWork\" ><div class='avia_textblock'  itemprop=\"text\" ><h2 style=\"text-align: right;\">Genel Bak\u0131\u015f<\/h2>\n<\/div><\/section><br \/>\n<div  class='hr av-50v2pq-dd15505c8902597b815806cead41cbc2 hr-short  avia-builder-el-4  el_after_av_textblock  el_before_av_textblock  hr-right'><span class='hr-inner '><span class=\"hr-inner-style\"><\/span><\/span><\/div><br \/>\n<section  class='av_textblock_section av-4tleym-5af23d5ed3314c7595a3bb230b8ef9b1 '   itemscope=\"itemscope\" itemtype=\"https:\/\/schema.org\/CreativeWork\" ><div class='avia_textblock'  itemprop=\"text\" ><p><strong>Herkesin s\u00f6yleyecek \u00f6nemli bir s\u00f6z\u00fc vard\u0131r!<\/strong><\/p>\n<ul>\n<li style=\"text-align: left;\">Neytek A.\u015e. olarak m\u00fc\u015fterilerimize yaz\u0131l\u0131m kalite standartlar\u0131na uygun, g\u00fcvenilir ve h\u0131zl\u0131 bir platform vadediyoruz, finansal s\u00fcre\u00e7lerinizi y\u00f6netmek art\u0131k daha kolay!<\/li>\n<li style=\"text-align: left;\">Web tabanl\u0131 mimariyle sunucu i\u015fletme ve yedekleme s\u00fcre\u00e7leriyle zaman kaybetmeyin.<\/li>\n<li style=\"text-align: left;\">Bilgilerinize istedi\u011finiz yerden eri\u015fin<\/li>\n<li style=\"text-align: left;\">Temel finansal bilgilerle \u00f6n ve genel muhasebe s\u00fcre\u00e7lerinizi kolayca y\u00f6netin<\/li>\n<li style=\"text-align: left;\">Birbirine entegre mod\u00fcller sayesinde zaman tasarrufu sa\u011flayarak yeni fikirlerinize ve kararlar\u0131n\u0131za odaklan\u0131n<\/li>\n<li style=\"text-align: left;\">Bir \u00e7ok pazaryerinde sat\u0131n tek panelde kolayca y\u00f6netin<\/li>\n<li style=\"text-align: left;\">Banka hareketlerinizi en etkin \u015fekilde uygulamaya senkronize edin<\/li>\n<\/ul>\n<\/div><\/section><br \/>\n<div  class='hr av-4nwdse-4100e42f4bcc3318ab580f451b96218d hr-short  avia-builder-el-6  el_after_av_textblock  el_before_av_button  hr-right'><span class='hr-inner '><span class=\"hr-inner-style\"><\/span><\/span><\/div><br \/>\n<div  class='avia-button-wrap av-4ljxny-68f86911cd17e33368c304f46203c78f-wrap avia-button-right  avia-builder-el-7  el_after_av_hr  avia-builder-el-last '><a href='https:\/\/neytek.com\/index.php\/contact\/'  class='avia-button av-4ljxny-68f86911cd17e33368c304f46203c78f av-link-btn avia-icon_select-yes-left-icon avia-size-large avia-position-right avia-color-theme-color-subtle'   aria-label=\"Demo Talebi\"><span class='avia_button_icon avia_button_icon_left' aria-hidden='true' data-av_icon='\ue80d' data-av_iconfont='entypo-fontello'><\/span><span class='avia_iconbox_title' >Demo Talebi<\/span><\/a><\/div><\/p><\/div><div  class='flex_column av-4dh62m-1062b1a31858ef25dec4b33b7eadf006 av_one_half  avia-builder-el-8  el_after_av_one_half  avia-builder-el-last  flex_column_div  '     ><style type=\"text\/css\" data-created_by=\"avia_inline_auto\" id=\"style-css-av-48zawu-3c64889ba3340ec136e330358d66118d\">\n#top .avia-icon-list-container.av-48zawu-3c64889ba3340ec136e330358d66118d .iconlist_icon{\nbackground-color:#006666;\n}\n<\/style>\n<div  class='avia-icon-list-container av-48zawu-3c64889ba3340ec136e330358d66118d  avia-builder-el-9  avia-builder-el-no-sibling '><ul class='avia-icon-list avia_animate_when_almost_visible avia-icon-list-left av-iconlist-big av-48zawu-3c64889ba3340ec136e330358d66118d avia-iconlist-animate'>\n<li><div class='iconlist_icon av-43emdi-7592bbd6d875b1de97f7998b29880140 avia-font-entypo-fontello'><span class='iconlist-char' aria-hidden='true' data-av_icon='\ue8c4' data-av_iconfont='entypo-fontello'><\/span><\/div><article class=\"article-icon-entry \"  itemscope=\"itemscope\" itemtype=\"https:\/\/schema.org\/CreativeWork\" ><div class=\"iconlist_content_wrap\"><header class=\"entry-content-header\" aria-label=\"Icon: \u00d6n muhasebe ve finansal hareketlerinizi kolayca y\u00f6netin.\"><h4 class='av_iconlist_title iconlist_title  '  itemprop=\"headline\" >\u00d6n muhasebe ve finansal hareketlerinizi kolayca y\u00f6netin.<\/h4><\/header><div class='iconlist_content '  itemprop=\"text\" ><p>Finansal s\u00fcre\u00e7lerinizi y\u00f6netmek art\u0131k daha kolay! <strong>Ak\u0131ll\u0131 Finans \u0130\u015flemleri<\/strong> ekran\u0131 sayesinde tek bir noktadan cari, kasa, banka, virman ve havale gibi t\u00fcm finansal fi\u015flerinizi kolayl\u0131kla takip edebilirsiniz.<\/p>\n<\/div><\/div><footer class=\"entry-footer\"><\/footer><\/article><div class=\"iconlist-timeline\"><\/div><\/li>\n<li><div class='iconlist_icon av-dhf3q-157f0df4882b48c8a885764431869bf8 avia-font-entypo-fontello'><span class='iconlist-char' aria-hidden='true' data-av_icon='\ue859' data-av_iconfont='entypo-fontello'><\/span><\/div><article class=\"article-icon-entry \"  itemscope=\"itemscope\" itemtype=\"https:\/\/schema.org\/CreativeWork\" ><div class=\"iconlist_content_wrap\"><header class=\"entry-content-header\" aria-label=\"Icon: T\u00fcm pazaryerleri sipari\u015flerinizi tek panelden b\u00fct\u00fcnle\u015fik olarak y\u00f6netin.\"><h4 class='av_iconlist_title iconlist_title  '  itemprop=\"headline\" >T\u00fcm pazaryerleri sipari\u015flerinizi tek panelden b\u00fct\u00fcnle\u015fik olarak y\u00f6netin.<\/h4><\/header><div class='iconlist_content '  itemprop=\"text\" ><p>Neytek Ticaret Platformu finansal s\u00fcre\u00e7lerinizi ihtiya\u00e7 duydu\u011funuz<strong> e-ticaret pazaryerleri ile b\u00fct\u00fcnle\u015fik olarak<\/strong> y\u00f6netmenize olanak sa\u011flar. Bu sayede <strong>tek noktadan t\u00fcm pazaryerlerinizdeki sipari\u015flerinizi y\u00f6netebilir, faturaland\u0131rabilir, kargo s\u00fcre\u00e7lerini takip edebilir ve farkl\u0131 pazaryerlerindeki \u00fcr\u00fcnlerinizin fiyat \/ stok g\u00fcncelli\u011fini<\/strong> kolayca ger\u00e7ekle\u015ftirebilirsiniz.<\/p>\n<\/div><\/div><footer class=\"entry-footer\"><\/footer><\/article><div class=\"iconlist-timeline\"><\/div><\/li>\n<li><div class='iconlist_icon av-3ib4jy-b0e71817a0e764c80d71447a1277e884 avia-font-entypo-fontello'><span class='iconlist-char' aria-hidden='true' data-av_icon='\ue8cf' data-av_iconfont='entypo-fontello'><\/span><\/div><article class=\"article-icon-entry \"  itemscope=\"itemscope\" itemtype=\"https:\/\/schema.org\/CreativeWork\" ><div class=\"iconlist_content_wrap\"><header class=\"entry-content-header\" aria-label=\"Icon: Banka parasal ak\u0131\u015flar\u0131n\u0131z\u0131 uygulamaya senkronize edin.\"><h4 class='av_iconlist_title iconlist_title  '  itemprop=\"headline\" >Banka parasal ak\u0131\u015flar\u0131n\u0131z\u0131 uygulamaya senkronize edin.<\/h4><\/header><div class='iconlist_content '  itemprop=\"text\" ><p><strong>Online Banka Entegrasyonlar\u0131<\/strong> sayesinde bankan\u0131za gelen ve giden para hareketleriniz i\u00e7in NEYTEK \u00fczerinde <strong>tek tu\u015fla gelen \/ giden havale fi\u015flerinizi<\/strong> olu\u015fturabilir, hatta belirli kurallar tan\u0131mlayarak fi\u015flerin otomatik olu\u015fmas\u0131n\u0131 sa\u011flayabilirsiniz.<\/p>\n<\/div><\/div><footer class=\"entry-footer\"><\/footer><\/article><div class=\"iconlist-timeline\"><\/div><\/li>\n<li><div class='iconlist_icon av-3xok5y-9e76b3c6a0f1c5324db604695fc7a16e avia-font-entypo-fontello'><span class='iconlist-char' aria-hidden='true' data-av_icon='\ue84d' data-av_iconfont='entypo-fontello'><\/span><\/div><article class=\"article-icon-entry \"  itemscope=\"itemscope\" itemtype=\"https:\/\/schema.org\/CreativeWork\" ><div class=\"iconlist_content_wrap\"><header class=\"entry-content-header\" aria-label=\"Icon: Genel muhasebenizi takip edin.\"><h4 class='av_iconlist_title iconlist_title  '  itemprop=\"headline\" >Genel muhasebenizi takip edin.<\/h4><\/header><div class='iconlist_content '  itemprop=\"text\" ><p><strong>Genel muhasebe<\/strong> s\u00fcre\u00e7lerinizi kolayl\u0131kla takip edebilirsiniz. Bu kapsamda; <strong>e-fatura, e-ar\u015fiv fatura, e-ihracat faturas\u0131, e-irsailye, e-defter <\/strong>vb. resmi i\u015flemlerinizi uygulama \u00fczerinden kolayl\u0131kla takip edebilirsiniz.<\/p>\n<\/div><\/div><footer class=\"entry-footer\"><\/footer><\/article><div class=\"iconlist-timeline\"><\/div><\/li>\n<\/ul><\/div><\/div>\n<\/div><\/div><\/div><!-- close content main div --><\/div><\/div><div id='after_section_1'  class='main_color av_default_container_wrap container_wrap sidebar_right'  ><div class='container av-section-cont-open' ><div class='template-page content  av-content-small alpha units'><div class='post-entry post-entry-type-page post-entry-734'><div class='entry-content-wrapper clearfix'>\n<div  class='flex_column av-9n9cem-8f3d732b93b3c30eeac41a869353ce77 av_one_fourth  avia-builder-el-10  el_after_av_section  el_before_av_one_fourth  avia-builder-el-first  first flex_column_div  '     ><article  class='iconbox iconbox_left av-9j5zme-886ea543fe04465aa64c2bdc82cc40e5  avia-builder-el-11  avia-builder-el-no-sibling '  itemscope=\"itemscope\" itemtype=\"https:\/\/schema.org\/CreativeWork\" ><div class=\"iconbox_content\"><header class=\"entry-content-header\" aria-label=\"Icon: \u00d6n Muhasebe ve Finans S\u00fcre\u00e7leri\"><div class=\"iconbox_icon heading-color\" aria-hidden='true' data-av_icon='\ue8c4' data-av_iconfont='entypo-fontello'><\/div><h3 class='iconbox_content_title '  itemprop=\"headline\" >\u00d6n Muhasebe ve Finans S\u00fcre\u00e7leri<\/h3><\/header><div class='iconbox_content_container '  itemprop=\"text\" ><ul class=\"benifit-list\">\n<li>Cari Bor\u00e7 &amp; Alacak Takibi<\/li>\n<li>Stok Takibi<\/li>\n<li>Nakit Takibi<\/li>\n<li>\u00c7ek &amp; Senet Takibi<\/li>\n<li>Gelir Gider Takibi<\/li>\n<li>Perakende Sat\u0131\u015f<\/li>\n<li>Teklif<\/li>\n<li>Sipari\u015f<\/li>\n<li>\u00dcretim<\/li>\n<li>Sevkiyat<\/li>\n<li>\u015eube Takibi<\/li>\n<li>Detayl\u0131 Yetki Y\u00f6netimi<\/li>\n<li>Raporlama ve Analizler<\/li>\n<\/ul>\n<\/div><\/div><footer class=\"entry-footer\"><\/footer><\/article><\/div>\n<div  class='flex_column av-917due-b3d30b2185ef2fc8667c988a1fc1add7 av_one_fourth  avia-builder-el-12  el_after_av_one_fourth  el_before_av_one_fourth  flex_column_div  '     ><article  class='iconbox iconbox_left av-8txt6e-4a5a6c19d38963b5db31f39b12c2a313  avia-builder-el-13  avia-builder-el-no-sibling '  itemscope=\"itemscope\" itemtype=\"https:\/\/schema.org\/CreativeWork\" ><div class=\"iconbox_content\"><header class=\"entry-content-header\" aria-label=\"Icon: Online Banka Entegrasyonlar\u0131\"><div class=\"iconbox_icon heading-color\" aria-hidden='true' data-av_icon='\ue8cf' data-av_iconfont='entypo-fontello'><\/div><h3 class='iconbox_content_title '  itemprop=\"headline\" >Online Banka Entegrasyonlar\u0131<\/h3><\/header><div class='iconbox_content_container '  itemprop=\"text\" ><ul class=\"benifit-list\">\n<li>Vak\u0131fbank<\/li>\n<li>Ziraat Bankas\u0131<\/li>\n<li>Halkbank<\/li>\n<li>\u0130\u015f Bankas\u0131<\/li>\n<li>Akbank<\/li>\n<li>Yap\u0131kredi<\/li>\n<li>Denizbank<\/li>\n<li>TEB<\/li>\n<li>Albaraka<\/li>\n<\/ul>\n<\/div><\/div><footer class=\"entry-footer\"><\/footer><\/article><\/div>\n<div  class='flex_column av-9bddrq-ec0027e15aa5e5006ba040b07786ccd4 av_one_fourth  avia-builder-el-14  el_after_av_one_fourth  el_before_av_one_fourth  flex_column_div  '     ><article  class='iconbox iconbox_left av-95v1c6-51ef562eba5e670b038f0f75c1a75514  avia-builder-el-15  avia-builder-el-no-sibling '  itemscope=\"itemscope\" itemtype=\"https:\/\/schema.org\/CreativeWork\" ><div class=\"iconbox_content\"><header class=\"entry-content-header\" aria-label=\"Icon: Entegre E-Ticaret Pazaryerleri\"><div class=\"iconbox_icon heading-color\" aria-hidden='true' data-av_icon='\ue859' data-av_iconfont='entypo-fontello'><\/div><h3 class='iconbox_content_title '  itemprop=\"headline\" >Entegre E-Ticaret Pazaryerleri<\/h3><\/header><div class='iconbox_content_container '  itemprop=\"text\" ><ul>\n<li>N11<\/li>\n<li>Hepsiburada<\/li>\n<li>Trendyol<\/li>\n<li>\u00c7i\u00e7eksepeti<\/li>\n<li>PttAVM<\/li>\n<li>Pazarama<\/li>\n<li>Idefix<\/li>\n<li>Ideasoft<\/li>\n<li>Turkcell Pasaj<\/li>\n<li>Vodafone Mall<\/li>\n<li>Kendi Pazaryeriniz *<\/li>\n<\/ul>\n<p><em>* Dilerseniz kendi pazaryerinizi altyap\u0131m\u0131z\u0131 kullanarak olu\u015fturmam\u0131z\u0131 talep edebilir ve NEYTEK ile b\u00fct\u00fcnle\u015fik olarak kullanabilirsiniz.<\/em><\/p>\n<\/div><\/div><footer class=\"entry-footer\"><\/footer><\/article><\/div><div  class='flex_column av-amo12-14651037b884f20d39d6b2dadf2cae46 av_one_fourth  avia-builder-el-16  el_after_av_one_fourth  el_before_av_section  avia-builder-el-last  flex_column_div  '     ><article  class='iconbox iconbox_left av-m0wg2fvf-33625402af0678bda3d0b56a69494a20  avia-builder-el-17  avia-builder-el-no-sibling '  itemscope=\"itemscope\" itemtype=\"https:\/\/schema.org\/CreativeWork\" ><div class=\"iconbox_content\"><header class=\"entry-content-header\" aria-label=\"Icon: Genel Muhasebe \"><div class=\"iconbox_icon heading-color\" aria-hidden='true' data-av_icon='\ue84d' data-av_iconfont='entypo-fontello'><\/div><h3 class='iconbox_content_title '  itemprop=\"headline\" >Genel Muhasebe <\/h3><\/header><div class='iconbox_content_container '  itemprop=\"text\" ><ul class=\"benifit-list\">\n<li>E-Fatura<\/li>\n<li>E-Ar\u015fiv Fatura<\/li>\n<li>E-\u0130hracat Faturas\u0131<\/li>\n<li>E-\u0130rsaliye<\/li>\n<li>E-Defter<\/li>\n<\/ul>\n<\/div><\/div><footer class=\"entry-footer\"><\/footer><\/article><\/div><\/p>\n<\/div><\/div><\/div><!-- close content main div --><\/div><\/div>\n<style type=\"text\/css\" data-created_by=\"avia_inline_auto\" id=\"style-css-av-m18y74da-b9a11abf84f66396e2f1c2a556d76c92\">\n.avia-section.av-m18y74da-b9a11abf84f66396e2f1c2a556d76c92{\nbackground-repeat:no-repeat;\nbackground-image:url(https:\/\/neytek.com\/wp-content\/uploads\/2024\/09\/01-background-300x75.jpg);\nbackground-position:0% 0%;\nbackground-attachment:fixed;\n}\n<\/style>\n<div id='av_section_2'  class='avia-section av-m18y74da-b9a11abf84f66396e2f1c2a556d76c92 alternate_color avia-section-large avia-no-shadow  avia-builder-el-18  el_after_av_one_fourth  avia-builder-el-last  avia-full-stretch avia-bg-style-fixed container_wrap sidebar_right'  data-section-bg-repeat='stretch'><div class='container av-section-cont-open' ><div class='template-page content  av-content-small alpha units'><div class='post-entry post-entry-type-page post-entry-734'><div class='entry-content-wrapper clearfix'>\n<div  class='flex_column av-yaaza-3dabc3aadb7bd06fa44a150590450cc2 av_one_third  avia-builder-el-19  el_before_av_one_third  avia-builder-el-first  first flex_column_div  '     ><article  class='iconbox iconbox_top av-m14p5lds-be8eed8fccbc85ddee6bf666dfd3be97  avia-builder-el-20  avia-builder-el-no-sibling  main_color'  itemscope=\"itemscope\" itemtype=\"https:\/\/schema.org\/CreativeWork\" ><div class=\"iconbox_content\"><header class=\"entry-content-header\" aria-label=\"Icon: Yard\u0131m &amp; Destek\"><div class=\"iconbox_icon heading-color\" aria-hidden='true' data-av_icon='\ue8b9' data-av_iconfont='entypo-fontello'><\/div><h3 class='iconbox_content_title '  itemprop=\"headline\" >Yard\u0131m &amp; Destek<\/h3><\/header><div class='iconbox_content_container '  itemprop=\"text\" ><p style=\"text-align: center;\"><strong>destek@neytek.com.tr<\/strong> adresine destek taleplerinizi iletebilir ya da <strong>0850 420 77 77<\/strong> numaral\u0131 telefondan yard\u0131m alabilirsiniz.<\/p>\n<\/div><\/div><footer class=\"entry-footer\"><\/footer><\/article><\/div><div  class='flex_column av-felue-5fda3568450dc4a3cea0a271e4b542f9 av_one_third  avia-builder-el-21  el_after_av_one_third  el_before_av_one_third  flex_column_div  '     ><article  class='iconbox iconbox_top av-7m7pi-53ab55632a62e63b1430ae1abf9dc319  avia-builder-el-22  avia-builder-el-no-sibling  main_color'  itemscope=\"itemscope\" itemtype=\"https:\/\/schema.org\/CreativeWork\" ><div class=\"iconbox_content\"><header class=\"entry-content-header\" aria-label=\"Icon: S\u0131k\u00e7a Sorulan Sorular\"><div class=\"iconbox_icon heading-color\" aria-hidden='true' data-av_icon='\ue81c' data-av_iconfont='entypo-fontello'><\/div><h3 class='iconbox_content_title '  itemprop=\"headline\" >S\u0131k\u00e7a Sorulan Sorular<\/h3><\/header><div class='iconbox_content_container '  itemprop=\"text\" ><p>Akl\u0131n\u0131za gelen sorular i\u00e7in <a href=\"..\/index.php\/faq\/\"><strong>S\u0131k\u00e7a Sorulan Sorular<\/strong> <\/a>sayfam\u0131z\u0131 ziyaret edebilirsiniz.<\/p>\n<\/div><\/div><footer class=\"entry-footer\"><\/footer><\/article><\/div><div  class='flex_column av-2tdhi-f19d1756833003418888e8fd574f4237 av_one_third  avia-builder-el-23  el_after_av_one_third  avia-builder-el-last  flex_column_div  '     ><article  class='iconbox iconbox_top av-20di6-ad6dd2cf8e539546ab59253db023b6c7  avia-builder-el-24  avia-builder-el-no-sibling  main_color'  itemscope=\"itemscope\" itemtype=\"https:\/\/schema.org\/CreativeWork\" ><div class=\"iconbox_content\"><header class=\"entry-content-header\" aria-label=\"Icon: Sat\u0131\u015f \u00d6ncesi Sorular\"><div class=\"iconbox_icon heading-color\" aria-hidden='true' data-av_icon='\ue81e' data-av_iconfont='entypo-fontello'><\/div><h3 class='iconbox_content_title '  itemprop=\"headline\" >Sat\u0131\u015f \u00d6ncesi Sorular<\/h3><\/header><div class='iconbox_content_container '  itemprop=\"text\" ><p><strong>F<\/strong>iyatland\u0131rma ve sisteme ge\u00e7i\u015f s\u00fcre\u00e7leri gibi sat\u0131\u015f \u00f6ncesi sorular\u0131n\u0131z i\u00e7in hakk\u0131nda <strong>0850 420 77 77<\/strong> numaral\u0131 telefonu arayarak detayl\u0131 bilgi alabilirsiniz.<\/p>\n<\/div><\/div><footer class=\"entry-footer\"><\/footer><\/article><\/div>\n<\/div><\/div><\/div><!-- close content main div --><\/div><\/div><div id='after_section_2'  class='main_color av_default_container_wrap container_wrap sidebar_right'  ><div class='container av-section-cont-open' ><div class='template-page content  av-content-small alpha units'><div class='post-entry post-entry-type-page post-entry-734'><div class='entry-content-wrapper clearfix'>\n","protected":false},"excerpt":{"rendered":"<p>This is a Page excerpt. It will be displayed for search results<\/p>\n","protected":false},"author":1,"featured_media":0,"parent":0,"menu_order":0,"comment_status":"open","ping_status":"open","template":"","meta":{"footnotes":""},"class_list":["post-734","page","type-page","status-publish","hentry"],"_links":{"self":[{"href":"https:\/\/neytek.com\/index.php\/wp-json\/wp\/v2\/pages\/734","targetHints":{"allow":["GET"]}}],"collection":[{"href":"https:\/\/neytek.com\/index.php\/wp-json\/wp\/v2\/pages"}],"about":[{"href":"https:\/\/neytek.com\/index.php\/wp-json\/wp\/v2\/types\/page"}],"author":[{"embeddable":true,"href":"https:\/\/neytek.com\/index.php\/wp-json\/wp\/v2\/users\/1"}],"replies":[{"embeddable":true,"href":"https:\/\/neytek.com\/index.php\/wp-json\/wp\/v2\/comments?post=734"}],"version-history":[{"count":82,"href":"https:\/\/neytek.com\/index.php\/wp-json\/wp\/v2\/pages\/734\/revisions"}],"predecessor-version":[{"id":3564,"href":"https:\/\/neytek.com\/index.php\/wp-json\/wp\/v2\/pages\/734\/revisions\/3564"}],"wp:attachment":[{"href":"https:\/\/neytek.com\/index.php\/wp-json\/wp\/v2\/media?parent=734"}],"curies":[{"name":"wp","href":"https:\/\/api.w.org\/{rel}","templated":true}]}}